{"id":3477,"date":"2018-10-29T15:32:33","date_gmt":"2018-10-29T15:32:33","guid":{"rendered":"https:\/\/cupcakemanresa.com\/politica-privacidad\/"},"modified":"2019-03-28T16:28:13","modified_gmt":"2019-03-28T16:28:13","slug":"politica-privacidad","status":"publish","type":"page","link":"https:\/\/www.cupcakemanresa.com\/ca\/politica-privacidad\/","title":{"rendered":"Pol\u00edtica de privacitat"},"content":{"rendered":"<div class=\"wpb-content-wrapper\"><p>[vc_row css=&#8221;.vc_custom_1547638449709{padding-top: 10% !important;}&#8221;][vc_column][vc_column_text]<\/p>\n<h3>POL\u00cdTICA DE PRIVACITAT<\/h3>\n<p style=\"text-align: justify;\">La nostra pol\u00edtica de privacitat descriu com recollim, guardem o utilitzem la informaci\u00f3 que recaptem a trav\u00e9s dels diferents serveis o p\u00e0gines disponibles en aquest lloc. \u00c9s important que entengui que informaci\u00f3 recollim i com la utilitzem ja que l&#8217;acc\u00e9s a aquest lloc implica l&#8217;acceptaci\u00f3 la nostra pol\u00edtica de privacitat.<\/p>\n<h3>COOKIES<\/h3>\n<p style=\"text-align: justify;\">L&#8217;acc\u00e9s a aquest lloc pot implicar la utilitzaci\u00f3 de cookies. Les cookies s\u00f3n petites quantitats d&#8217;informaci\u00f3 que s&#8217;emmagatzemen en el navegador utilitzat per cada usuari perqu\u00e8 el servidor recordi certa informaci\u00f3 que posteriorment pugui utilitzar. Aquesta informaci\u00f3 permet identificar a vost\u00e8 com un usuari concret i permet guardar les seves prefer\u00e8ncies personals, aix\u00ed com informaci\u00f3 t\u00e8cnica com ara visites o p\u00e0gines concretes que visiti. Aquells usuaris que no desitgin rebre cookies o vulguin ser informats abans que s&#8217;emmagatzemin al seu ordinador, poden configurar el seu navegador a aquest efecte. La major part dels navegadors d&#8217;avui en dia permeten la gesti\u00f3 de les cookies de 3 formes diferents: Les galetes no s&#8217;accepten mai. El navegador pregunta a l&#8217;usuari si s&#8217;ha d&#8217;acceptar cada cookie. Les cookies s&#8217;accepten sempre. El navegador tamb\u00e9 pot incloure la possibilitat d&#8217;especificar millor qu\u00e8 cookies han de ser acceptades i quines no. En concret, l&#8217;usuari pot normalment acceptar alguna de les seg\u00fcents opcions: rebutjar les cookies de determinats dominis, rebutjar les galetes de tercers; acceptar cookies com no persistents (s&#8217;eliminen quan el navegador es tanca); permetre al servidor crear cookies per un domini diferent. A m\u00e9s, els navegadors poden tamb\u00e9 permetre als usuaris veure i esborrar cookies individualment.<\/p>\n<h3>WEB BEACONS<\/h3>\n<p style=\"text-align: justify;\">Aquest lloc pot albergar tamb\u00e9 web Beacons (tamb\u00e9 coneguts per web bugs). Els web Beacons solen ser petites imatges d&#8217;un p\u00edxel per un p\u00edxel, visibles o invisibles col\u00b7locats dins del codi font de les p\u00e0gines web d&#8217;un lloc. Els Web Beacons serveixen i s&#8217;utilitzen d&#8217;una forma similar a les cookies. A m\u00e9s, els web Beacons solen utilitzar-se per mesurar el tr\u00e0nsit d&#8217;usuaris que visiten una p\u00e0gina web i poder treure un patr\u00f3 dels usuaris d&#8217;un lloc.<\/p>\n<h3>TERCERS<\/h3>\n<p style=\"text-align: justify;\">En alguns casos, compartim informaci\u00f3 sobre els visitants d&#8217;aquest lloc de forma an\u00f2nima o agregada amb tercers com anunciants, patrocinadors o auditors amb l&#8217;\u00fanica finalitat de millorar els nostres serveis. Totes aquestes tasques de processament seran regulades segons les normes legals i es respectaran tots els seus drets en mat\u00e8ria de protecci\u00f3 de dades d&#8217;acord amb la regulaci\u00f3 vigent. Aquest lloc mesura el tr\u00e0nsit amb diferents solucions que poden utilitzar cookies o web beacons per analitzar el que succeeix a les nostres p\u00e0gines.<\/p>\n<p>[\/vc_column_text][\/vc_column][\/vc_row]<\/p>\n<\/div>","protected":false},"excerpt":{"rendered":"<p>[vc_row css=&#8221;.vc_custom_1547638449709{padding-top: 10% !important;}&#8221;][vc_column][vc_column_text] POL\u00cdTICA DE PRIVACITAT La nostra pol\u00edtica de privacitat descriu com recollim, guardem o utilitzem la informaci\u00f3 que recaptem a trav\u00e9s dels diferents serveis o p\u00e0gines disponibles en aquest lloc. \u00c9s important que entengui que informaci\u00f3 recollim i com la utilitzem ja que l&#8217;acc\u00e9s a aquest lloc implica l&#8217;acceptaci\u00f3 la nostra pol\u00edtica [&hellip;]<\/p>\n","protected":false},"author":1,"featured_media":0,"parent":0,"menu_order":0,"comment_status":"closed","ping_status":"closed","template":"","meta":{"footnotes":""},"class_list":["post-3477","page","type-page","status-publish","hentry"],"aioseo_notices":[],"_links":{"self":[{"href":"https:\/\/www.cupcakemanresa.com\/ca\/wp-json\/wp\/v2\/pages\/3477","targetHints":{"allow":["GET"]}}],"collection":[{"href":"https:\/\/www.cupcakemanresa.com\/ca\/wp-json\/wp\/v2\/pages"}],"about":[{"href":"https:\/\/www.cupcakemanresa.com\/ca\/wp-json\/wp\/v2\/types\/page"}],"author":[{"embeddable":true,"href":"https:\/\/www.cupcakemanresa.com\/ca\/wp-json\/wp\/v2\/users\/1"}],"replies":[{"embeddable":true,"href":"https:\/\/www.cupcakemanresa.com\/ca\/wp-json\/wp\/v2\/comments?post=3477"}],"version-history":[{"count":3,"href":"https:\/\/www.cupcakemanresa.com\/ca\/wp-json\/wp\/v2\/pages\/3477\/revisions"}],"predecessor-version":[{"id":3480,"href":"https:\/\/www.cupcakemanresa.com\/ca\/wp-json\/wp\/v2\/pages\/3477\/revisions\/3480"}],"wp:attachment":[{"href":"https:\/\/www.cupcakemanresa.com\/ca\/wp-json\/wp\/v2\/media?parent=3477"}],"curies":[{"name":"wp","href":"https:\/\/api.w.org\/{rel}","templated":true}]}}