{"id":3482,"date":"2019-01-16T11:39:34","date_gmt":"2019-01-16T11:39:34","guid":{"rendered":"https:\/\/cupcakemanresa.com\/aviso-legal\/"},"modified":"2019-03-28T16:32:51","modified_gmt":"2019-03-28T16:32:51","slug":"aviso-legal","status":"publish","type":"page","link":"https:\/\/www.cupcakemanresa.com\/ca\/aviso-legal\/","title":{"rendered":"Av\u00eds Legal"},"content":{"rendered":"<div class=\"wpb-content-wrapper\"><p>[vc_row css=&#8221;.vc_custom_1547639080243{padding-top: 10% !important;}&#8221;][vc_column][vc_column_text]<\/p>\n<h3>AV\u00cdS LEGAL<\/h3>\n<p style=\"text-align: justify;\">La utilitzaci\u00f3 d&#8217;aquest web li atribueix a vost\u00e8 la condici\u00f3 d&#8217;usuari i implica la seva acceptaci\u00f3 plena i sense reserves a totes i cadascuna de les disposicions incloses en aquest Av\u00eds Legal, pel que si vost\u00e8 no est\u00e0 d&#8217;acord amb qualsevol de les condicions aqu\u00ed establertes, no haur\u00e0 d&#8217;usar \/ accedir a aquest web.<\/p>\n<h3>CONDICIONS D&#8217;UTILITZACI\u00d3 DE LA WEB<\/h3>\n<p style=\"text-align: justify;\">Els visitants d&#8217;aquest web tenen la consideraci\u00f3 d&#8217;usuaris del mateix, els qui trobaran en ell informaci\u00f3 relacionada amb el tipus d&#8217;activitat, productes i serveis que realitzem. La informaci\u00f3 i els materials inclosos al web han estat obtinguts de fonts considerades com fiables. No obstant aix\u00f2, tot i haver pres precaucions i mitjanes raonables per assegurar la fiabilitat de la informaci\u00f3, no es garanteix que aquesta sigui exacta, completa, i \/ o actualitzada. Conseq\u00fcentment, declinem qualsevol responsabilitat per l&#8217;omissi\u00f3 d&#8217;informaci\u00f3 o per la publicaci\u00f3 d&#8217;informaci\u00f3 err\u00f2nia apareguda en aquest web. La informaci\u00f3 exhibida i \/ o facilitada per aquest web ha de tenir la consideraci\u00f3, per part de l&#8217;usuari, d&#8217;informaci\u00f3 general, sense que aix\u00f2 signifiqui que pugui estimar tal informaci\u00f3 com a element determinant per a la presa de decisions per part de l&#8217;usuari del web, de manera que declinem tota responsabilitat derivada de la manca de verificaci\u00f3 de la mateixa, i de forma espec\u00edfica s&#8217;ha d&#8217;entendre que aquesta informaci\u00f3, sotmesa a la normativa vigent a Espanya, no va destinada a aquells usuaris que actu\u00efn sota altres jurisdiccions d&#8217;Estats que exigeixin el compliment de requisits diferents per a la posada a disposici\u00f3, divulgaci\u00f3 o publicitat de serveis relatius a les activitats i \/ o serveis publicitats en aquest web. Com prestadors de serveis de la societat de la informaci\u00f3, ens reservem el dret a actualitzar, modificar o eliminar la informaci\u00f3 continguda en aquest web, podent fins i tot limitar o no permetre l&#8217;acc\u00e9s a aquesta informaci\u00f3, sense previ av\u00eds. Especialment, queda reservat el dret a eliminar, limitar o impedir l&#8217;acc\u00e9s al web quan sorgeixin dificultats t\u00e8cniques per fets o circumst\u00e0ncies aliens a nosaltres que, al nostre criteri, disminueixin o anul\u00b7lin els nivells de seguretat est\u00e0ndard adoptats per a l&#8217;adequat funcionament d&#8217;aquest web. Com prestadors, podr\u00edem en qualsevol moment establir procediments t\u00e8cnics legals per obtenir informaci\u00f3 an\u00f2nima sobre els seus visitants, el que significaria, en qualsevol cas, que aquesta informaci\u00f3 no podria ser associada cap manera a un usuari concret i identificat. Aquest tipus de procediments conserven dades com el nom de domini del prove\u00efdor que d\u00f3na acc\u00e9s a la xarxa a l&#8217;usuari, la data i hora d&#8217;acc\u00e9s al nostre web, l&#8217;adre\u00e7a d&#8217;Internet des de la qual va partir el link o enlla\u00e7 que dirigeix \u200b\u200bal nostre web, el nombre de visitants diaris de cada secci\u00f3, i dades de naturalesa an\u00e0loga. La fi de les dades i informaci\u00f3 recollida \u00e9s estad\u00edstic, de manera que ens permeti adquirir un major coneixement sobre l&#8217;activitat dels visitants de la web, per tal de millorar el mateix i \/ o augmentar la seva pres\u00e8ncia en l\u00ednia. Els usuaris, en qualsevol moment, podrien desactivar els procediments d&#8217;obtenci\u00f3 d&#8217;informaci\u00f3 al\u00b7ludits en el punt expositiu anterior mitjan\u00e7ant la modificaci\u00f3 dels par\u00e0metres de configuraci\u00f3 del seu navegador. No obstant aix\u00f2, la desactivaci\u00f3 a la qual s&#8217;al\u00b7ludeix aqu\u00ed no afecta o interfereix en la navegabilitat dels usuaris al nostre web. L&#8217;usuari ens autoritza expressament i inequ\u00edvocament a obtenir i tractar la informaci\u00f3 que es generi com a conseq\u00fc\u00e8ncia de la utilitzaci\u00f3 d&#8217;aquest web, amb l&#8217;\u00fanica finalitat d&#8217;oferir-li una navegaci\u00f3 m\u00e9s personalitzada i eficient.<\/p>\n<h3>RESPONSABILITATS<\/h3>\n<p style=\"text-align: justify;\">Com a prestadors, declinem qualsevol responsabilitat respecte a la informaci\u00f3 exhibida en aquest web, procedent de fonts alienes a nosaltres, aix\u00ed com dels continguts que no h\u00e0gim elaborats. La funci\u00f3 dels enlla\u00e7os (links) que apareixen en aquest web \u00e9s \u00fanica i exclusivament la d&#8217;informar l&#8217;usuari sobre l&#8217;exist\u00e8ncia d&#8217;altres fonts d&#8217;informaci\u00f3 sobre la mat\u00e8ria a Internet, on podr\u00e0 ampliar les dades ofertes en aquest web. Per tant, no serem, en cap cas, responsables del resultat obtingut de l&#8217;acc\u00e9s a aquests enlla\u00e7os o links. En cap cas, serem responsables de les p\u00e8rdues, els danys o els perjudicis de qualsevol naturalesa que poguessin sorgir per l&#8217;acc\u00e9s i \/ o \u00fas del aquest web, el que inclou els produ\u00efts en sistemes inform\u00e0tics o els provocats per virus o activitats il\u00b7l\u00edcites de pirates inform\u00e0tics (hackers). Aix\u00ed mateix, tampoc serem responsables dels danys que poguessin patir els usuaris per un \u00fas inadequat d&#8217;aquest web i, de cap manera, de les caigudes, interrupcions, abs\u00e8ncia o defecte en les telecomunicacions. Com prestadors, no ens responsabilitzem de cap manera de les possibles discrep\u00e0ncies que puguin sorgir entre la versi\u00f3 dels seus documents impresos i la versi\u00f3 electr\u00f2nica dels mateixos publicats en les seves p\u00e0gines web o obtinguts electr\u00f2nicament d&#8217;aquest web<\/p>\n<h3>POL\u00cdTICA DE PROTECCI\u00d3 DE DADES PERSONALS<\/h3>\n<p style=\"text-align: justify;\">Com a prestadors, garantim la protecci\u00f3 de les dades dels nostres clients i usuaris. Aquest web no reconeix de manera autom\u00e0tica cap dada referent a la identitat dels visitants de les seves p\u00e0gines. No obstant l&#8217;anterior, en els serveis online oferts, amb l&#8217;objecte de garantir la seguretat i confidencialitat, ser\u00e0 necess\u00e0ria la pr\u00e8via identificaci\u00f3 i autenticaci\u00f3 de l&#8217;usuari en el sistema, a trav\u00e9s de la sol\u00b7licitud de claus d&#8217;acc\u00e9s. En aquells sup\u00f2sits en qu\u00e8 l&#8217;usuari sol\u00b7liciti informaci\u00f3 sobre serveis o productes o desitgi realitzar la tramitaci\u00f3 de reclamacions o incid\u00e8ncies, a trav\u00e9s de l&#8217;enviament de formularis residents a p\u00e0gines del web, ser\u00e0 en tot cas necessari recollir aquelles dades personals que corresponguin per poder informar-li sobre seva sol\u00b7licitud. Com prestadors de serveis de la societat de la informaci\u00f3 i responsables dels fitxers de dades personals, informem als usuaris d&#8217;aquest web que totes les dades de car\u00e0cter personal seran tractades amb absoluta confidencialitat, sent utilitzats per a les finalitats que han estat sol\u00b7licitats, en el marc de la Llei Org\u00e0nica 15\/1999, de 13 de desembre, de protecci\u00f3 de dades de car\u00e0cter personal (LOPD), la Llei 34\/2002, de 11 de juliol, de serveis de la societat de la informaci\u00f3 i de comer\u00e7 electr\u00f2nic ( LSSI-CE) i altres normes jur\u00eddiques aplicables. Com a responsables dels fitxers de dades personals, som els que assumim la responsabilitat en l&#8217;adopci\u00f3 de mesures de seguretat d&#8217;\u00edndole t\u00e8cnica i organitzativa per protegir la confidencialitat i integritat de la informaci\u00f3, d&#8217;acord amb el que estableix la LOPD, la LSSI-CE, i la resta de legislaci\u00f3 aplicable. L&#8217;usuari respondr\u00e0, en qualsevol cas, de la veracitat de les dades facilitades, per la qual cosa ens reservem el dret a excloure dels serveis registrats a tot usuari que hagi facilitat dades falses, sense perjudici de les altres accions que siguin procedents conforme a dret. Qualsevol usuari registrat pot exercitar els seus drets d&#8217;acc\u00e9s, rectificaci\u00f3, oposici\u00f3 i cancel\u00b7laci\u00f3 de les seves dades de car\u00e0cter personal, respecte de les seves dades personals en els termes previstos a la Llei, proporcionats a trav\u00e9s d&#8217;aquest web, mitjan\u00e7ant comunicaci\u00f3 escrita, acompanyada d&#8217;una c\u00f2pia del Document d&#8217;Identitat, dirigida a l&#8217;entitat, com a responsable del fitxer que recull les dades de car\u00e0cter personal, el domicili s&#8217;indica al final d&#8217;aquest av\u00eds legal.<\/p>\n<h3>PROPIETAT INDUSTRIAL I INTEL\u00b7LECTUAL<\/h3>\n<p style=\"text-align: justify;\">La totalitat d&#8217;aquest web (textos, imatges, marques, logotips, arxius d&#8217;\u00e0udio, arxius de software, combinacions de colors, etc.), aix\u00ed com l&#8217;estructura dels seus continguts, es troben protegits per la normativa de Propietat Intel\u00b7lectual i Industrial, no podent ser objecte d&#8217;explotaci\u00f3, reproducci\u00f3, distribuci\u00f3, modificaci\u00f3, comunicaci\u00f3 p\u00fablica, cessi\u00f3 o transformaci\u00f3 o qualsevol altra forma de difusi\u00f3 no autoritzada expressament per nosaltres, com a prestadors i titulars del els drets intel\u00b7lectuals. Per tant, l&#8217;acc\u00e9s a aquest web no atorga als usuaris cap dret ni titularitat sobre els drets de propietat intel\u00b7lectual i \/ o industrial dels continguts d&#8217;aquest web. Com titulars dels drets intel\u00b7lectuals d&#8217;aquest web, ens reservem la possibilitat d&#8217;exercir les accions legals que corresponguin contra els usuaris que violin o infringeixin els drets de propietat intel\u00b7lectual i \/ o industrial.<\/p>\n<h3>LEGISLACI\u00d3 APLICABLE<\/h3>\n<p style=\"text-align: justify;\">Les presents condicions generals es regiran per la legislaci\u00f3 espanyola al\u00b7ludida anteriorment o per qualsevol altra no expl\u00edcitament indicada per\u00f2 d&#8217;aplicaci\u00f3 obligat\u00f2ria.<\/p>\n<p>[\/vc_column_text][\/vc_column][\/vc_row]<\/p>\n<\/div>","protected":false},"excerpt":{"rendered":"<p>[vc_row css=&#8221;.vc_custom_1547639080243{padding-top: 10% !important;}&#8221;][vc_column][vc_column_text] AV\u00cdS LEGAL La utilitzaci\u00f3 d&#8217;aquest web li atribueix a vost\u00e8 la condici\u00f3 d&#8217;usuari i implica la seva acceptaci\u00f3 plena i sense reserves a totes i cadascuna de les disposicions incloses en aquest Av\u00eds Legal, pel que si vost\u00e8 no est\u00e0 d&#8217;acord amb qualsevol de les condicions aqu\u00ed establertes, no haur\u00e0 d&#8217;usar [&hellip;]<\/p>\n","protected":false},"author":1,"featured_media":0,"parent":0,"menu_order":0,"comment_status":"closed","ping_status":"closed","template":"","meta":{"footnotes":""},"class_list":["post-3482","page","type-page","status-publish","hentry"],"aioseo_notices":[],"_links":{"self":[{"href":"https:\/\/www.cupcakemanresa.com\/ca\/wp-json\/wp\/v2\/pages\/3482","targetHints":{"allow":["GET"]}}],"collection":[{"href":"https:\/\/www.cupcakemanresa.com\/ca\/wp-json\/wp\/v2\/pages"}],"about":[{"href":"https:\/\/www.cupcakemanresa.com\/ca\/wp-json\/wp\/v2\/types\/page"}],"author":[{"embeddable":true,"href":"https:\/\/www.cupcakemanresa.com\/ca\/wp-json\/wp\/v2\/users\/1"}],"replies":[{"embeddable":true,"href":"https:\/\/www.cupcakemanresa.com\/ca\/wp-json\/wp\/v2\/comments?post=3482"}],"version-history":[{"count":2,"href":"https:\/\/www.cupcakemanresa.com\/ca\/wp-json\/wp\/v2\/pages\/3482\/revisions"}],"predecessor-version":[{"id":3484,"href":"https:\/\/www.cupcakemanresa.com\/ca\/wp-json\/wp\/v2\/pages\/3482\/revisions\/3484"}],"wp:attachment":[{"href":"https:\/\/www.cupcakemanresa.com\/ca\/wp-json\/wp\/v2\/media?parent=3482"}],"curies":[{"name":"wp","href":"https:\/\/api.w.org\/{rel}","templated":true}]}}