{"id":3490,"date":"2018-06-06T12:51:37","date_gmt":"2018-06-06T12:51:37","guid":{"rendered":"https:\/\/cupcakemanresa.com\/decoracion-de-bodas\/"},"modified":"2019-04-01T14:00:57","modified_gmt":"2019-04-01T14:00:57","slug":"decoracion-de-bodas","status":"publish","type":"page","link":"https:\/\/www.cupcakemanresa.com\/ca\/decoracion-de-bodas\/","title":{"rendered":"Decoraci\u00f3n de Bodas"},"content":{"rendered":"<div class=\"wpb-content-wrapper\"><p>[vc_section][vc_row full_width=&#8221;stretch_row_content&#8221; css=&#8221;.vc_custom_1550833448267{background-image: url(http:\/\/cupcakemanresa.com\/wp-content\/uploads\/2019\/01\/PHOTO-2018-10-08-12-50-23-1.jpg?id=2902) !important;background-position: center !important;background-repeat: no-repeat !important;background-size: cover !important;}&#8221;][vc_column][vc_empty_space height=&#8221;150px&#8221;][vc_empty_space height=&#8221;150px&#8221;][\/vc_column][\/vc_row][vc_row][\/vc_row][vc_column][\/vc_column][\/vc_section][vc_row full_width=&#8221;stretch_row&#8221; equal_height=&#8221;yes&#8221; css=&#8221;.vc_custom_1553876511811{padding-top: 5% !important;padding-right: 5% !important;padding-bottom: 5% !important;padding-left: 5% !important;}&#8221;][vc_column width=&#8221;2\/3&#8243; css=&#8221;.vc_custom_1553876368147{padding-top: 4% !important;padding-right: 5% !important;padding-left: 5% !important;}&#8221;][tt_vc_title_shortcode title=&#8221;Decoraci\u00f3 de casaments&#8221; desc=&#8221;T&#8217;ajudem a que el teu dia sigui perfecte&#8221;][vc_column_text]<\/p>\n<div>Ens encarreguem de tota la decoraci\u00f3 del dia del teu casament, des de el cartell de benvinguda, passant per la cerim\u00f2nia, decoraci\u00f3 general del espai ja sigui interior o exterior, el &#8220;seating plan&#8221;, centres de taula,, il\u00b7luminaci\u00f3, siguin cortines de llum o garlandes de llums, lletres lum\u00edniques amb les vostres inicials, past\u00eds de noces, candy bar, donuts bar, i molt m\u00e9s!<\/div>\n<p>&nbsp;<\/p>\n<div>Adaptem la decoraci\u00f3 als gustos dels nuvis perqu\u00e8 aquest dia tan especial sigui encara m\u00e9s perfecte.<\/div>\n<div><\/div>\n<div>Contacta amb nosaltres, per a tota la informaci\u00f3 que puguis necessitar.<\/div>\n<p>[\/vc_column_text][vc_btn title=&#8221;M\u00e9s informaci\u00f3&#8221; style=&#8221;3d&#8221; color=&#8221;pink&#8221; align=&#8221;center&#8221; link=&#8221;url:http%3A%2F%2Fcupcakemanresa.com%2Fca%2Fcontacto|title:M%C3%A1s%20informaci%C3%B3n||&#8221; css=&#8221;.vc_custom_1553877433904{padding-top: 3% !important;}&#8221;][\/vc_column][vc_column width=&#8221;1\/3&#8243; css=&#8221;.vc_custom_1553875535720{padding-top: 5% !important;}&#8221;][tt_vc_title_shortcode title=&#8221;Serveis&#8221; desc=&#8221;Aquests son els serveis que oferim pel teu casament:&#8221;][vc_column_text el_class=&#8221;.text-servicios&#8221;]<\/p>\n<p style=\"text-align: center;\"><strong>Cerim\u00f2nia<\/strong><\/p>\n<p style=\"text-align: center;\"><strong>Seating Plan<\/strong><\/p>\n<p style=\"text-align: center;\"><strong>Decoraci\u00f3 del Buffet<\/strong><\/p>\n<p style=\"text-align: center;\"><strong>Inicials Lum\u00edniques<\/strong><\/p>\n<p style=\"text-align: center;\"><strong>Cortines de Llums<\/strong><\/p>\n<p style=\"text-align: center;\"><strong>Guirnaldes de Llums<\/strong><\/p>\n<p style=\"text-align: center;\"><strong>Centres de Taula<\/strong><\/p>\n<p style=\"text-align: center;\"><strong>Candy-Bar<\/strong><\/p>\n<p style=\"text-align: center;\"><strong>Past\u00eds de noces<\/strong><\/p>\n<p>[\/vc_column_text][\/vc_column][\/vc_row][vc_row full_width=&#8221;stretch_row_content&#8221;][vc_column][vc_masonry_media_grid element_width=&#8221;3&#8243; grid_id=&#8221;vc_gid:1553877455509-50a7d228-b8aa-3&#8243; include=&#8221;3378,3377,3374,3372,3370,3369,3364,3365,3360,3361,3359,3356,3354,3353,3350,3348,3346,3344,3343,3340,3339,3336,3334,3333,3330,3329,3326,3324,3322,3320,3318,3247,3245&#8243; css=&#8221;.vc_custom_1553875373329{padding-bottom: 3% !important;}&#8221;][\/vc_column][\/vc_row][vc_row css=&#8221;.vc_custom_1552573508275{padding-top: 5% !important;}&#8221;][vc_column][tt_vc_title_shortcode title=&#8221;Comentaris dels nostres clients&#8221; desc=&#8221;Aqu\u00ed teniu algunes de les ressenyes dels nostres clients, anima&#8217;t i sigues el seg\u00fcent&#8221;][vc_images_carousel images=&#8221;3217,3218,3219,3220&#8243; img_size=&#8221;full&#8221;][\/vc_column][\/vc_row]<\/p>\n<\/div>","protected":false},"excerpt":{"rendered":"<p>[vc_section][vc_row full_width=&#8221;stretch_row_content&#8221; css=&#8221;.vc_custom_1550833448267{background-image: url(http:\/\/cupcakemanresa.com\/wp-content\/uploads\/2019\/01\/PHOTO-2018-10-08-12-50-23-1.jpg?id=2902) !important;background-position: center !important;background-repeat: no-repeat !important;background-size: cover !important;}&#8221;][vc_column][vc_empty_space height=&#8221;150px&#8221;][vc_empty_space height=&#8221;150px&#8221;][\/vc_column][\/vc_row][vc_row][\/vc_row][vc_column][\/vc_column][\/vc_section][vc_row full_width=&#8221;stretch_row&#8221; equal_height=&#8221;yes&#8221; css=&#8221;.vc_custom_1553876511811{padding-top: 5% !important;padding-right: 5% !important;padding-bottom: 5% !important;padding-left: 5% !important;}&#8221;][vc_column width=&#8221;2\/3&#8243; css=&#8221;.vc_custom_1553876368147{padding-top: 4% !important;padding-right: 5% !important;padding-left: 5% !important;}&#8221;][tt_vc_title_shortcode title=&#8221;Decoraci\u00f3 de casaments&#8221; desc=&#8221;T&#8217;ajudem a que el teu dia sigui perfecte&#8221;][vc_column_text] Ens encarreguem de tota la decoraci\u00f3 del dia del teu casament, des [&hellip;]<\/p>\n","protected":false},"author":1,"featured_media":0,"parent":0,"menu_order":0,"comment_status":"closed","ping_status":"closed","template":"","meta":{"footnotes":""},"class_list":["post-3490","page","type-page","status-publish","hentry"],"aioseo_notices":[],"_links":{"self":[{"href":"https:\/\/www.cupcakemanresa.com\/ca\/wp-json\/wp\/v2\/pages\/3490","targetHints":{"allow":["GET"]}}],"collection":[{"href":"https:\/\/www.cupcakemanresa.com\/ca\/wp-json\/wp\/v2\/pages"}],"about":[{"href":"https:\/\/www.cupcakemanresa.com\/ca\/wp-json\/wp\/v2\/types\/page"}],"author":[{"embeddable":true,"href":"https:\/\/www.cupcakemanresa.com\/ca\/wp-json\/wp\/v2\/users\/1"}],"replies":[{"embeddable":true,"href":"https:\/\/www.cupcakemanresa.com\/ca\/wp-json\/wp\/v2\/comments?post=3490"}],"version-history":[{"count":9,"href":"https:\/\/www.cupcakemanresa.com\/ca\/wp-json\/wp\/v2\/pages\/3490\/revisions"}],"predecessor-version":[{"id":3565,"href":"https:\/\/www.cupcakemanresa.com\/ca\/wp-json\/wp\/v2\/pages\/3490\/revisions\/3565"}],"wp:attachment":[{"href":"https:\/\/www.cupcakemanresa.com\/ca\/wp-json\/wp\/v2\/media?parent=3490"}],"curies":[{"name":"wp","href":"https:\/\/api.w.org\/{rel}","templated":true}]}}