{"id":3496,"date":"2019-01-23T10:21:23","date_gmt":"2019-01-23T10:21:23","guid":{"rendered":"https:\/\/cupcakemanresa.com\/food-trucks\/"},"modified":"2019-06-14T13:16:29","modified_gmt":"2019-06-14T13:16:29","slug":"food-trucks","status":"publish","type":"page","link":"https:\/\/www.cupcakemanresa.com\/ca\/food-trucks\/","title":{"rendered":"Food Trucks"},"content":{"rendered":"<div class=\"wpb-content-wrapper\"><p>[vc_section][vc_row full_width=&#8221;stretch_row_content&#8221; css=&#8221;.vc_custom_1550836807886{background-image: url(http:\/\/cupcakemanresa.com\/wp-content\/uploads\/2019\/02\/poetada-food-trucks.jpg?id=3087) !important;background-position: center !important;background-repeat: no-repeat !important;background-size: cover !important;}&#8221;][vc_column][vc_empty_space height=&#8221;155px&#8221;][vc_empty_space height=&#8221;155px&#8221;][\/vc_column][\/vc_row][\/vc_section][vc_section full_width=&#8221;stretch_row_content&#8221;][vc_row equal_height=&#8221;yes&#8221; css=&#8221;.vc_custom_1553601603169{padding-top: 3% !important;padding-right: 5% !important;padding-bottom: 1% !important;padding-left: 5% !important;}&#8221;][vc_column css=&#8221;.vc_custom_1552305498272{padding-top: 4% !important;}&#8221;][tt_vc_title_shortcode title=&#8221;Food trucks y Candy Bars&#8221; desc=&#8221;Dale un toque diferente y exclusivo a tu fiesta o evento con nuestros Food Trucks y Candy Bars&#8221;][vc_row_inner css=&#8221;.vc_custom_1553876672820{padding-right: 10% !important;padding-left: 10% !important;}&#8221;][vc_column_inner][vc_column_text]<\/p>\n<p style=\"text-align: center;\">Monta uno de nuestros <strong>Candy Bars<\/strong> en tu evento o fiesta, se pueden personalizar con tem\u00e1ticas, con un logo, con tus colores preferidos, etc. Nuestras Candy Bars suelen tener cupcakes, pop cakes, donuts, vasos de cheesecake, tartaletas, macarons, galletas personalizadas, palomitas y chuches para los m\u00e1s peque\u00f1os.<\/p>\n<div><\/div>\n<p>[\/vc_column_text][vc_separator css=&#8221;.vc_custom_1553877622674{padding-top: 2% !important;padding-bottom: 2% !important;}&#8221;][vc_column_text]<\/p>\n<p style=\"text-align: center;\">Estos son los Food Trucks de los que disponemos actualmente, para m\u00e1s informaci\u00f3n, contacta con nosotros:<\/p>\n<p>[\/vc_column_text][\/vc_column_inner][\/vc_row_inner][vc_row_inner equal_height=&#8221;yes&#8221; gap=&#8221;5&#8243; css=&#8221;.vc_custom_1554203518415{padding-right: 7% !important;padding-bottom: 2% !important;padding-left: 7% !important;}&#8221;][vc_column_inner width=&#8221;1\/4&#8243; css=&#8221;.vc_custom_1554203918834{padding-bottom: 10% !important;}&#8221;][vc_column_text css=&#8221;.vc_custom_1554203888258{padding-top: 5% !important;}&#8221;]<\/p>\n<ul>\n<li><strong>CITRO\u00cbN HY 1963<\/strong>\n<p style=\"text-align: justify;\">Nuestro primer Food Truck, nos representa ah\u00ed donde vamos.<br \/>\nLo puedes alquilar como Photocall con servicio de pasteler\u00eda para postres, tambi\u00e9n puede usarse como barra de bar o cualquier tipo de Buffet, siempre sin cocinar dentro.<\/p>\n<\/li>\n<\/ul>\n<p>[\/vc_column_text][vc_single_image image=&#8221;3253&#8243; img_size=&#8221;large&#8221; alignment=&#8221;center&#8221; css=&#8221;.vc_custom_1554203111458{padding-bottom: 1% !important;}&#8221;][\/vc_column_inner][vc_column_inner width=&#8221;1\/4&#8243; css=&#8221;.vc_custom_1554203926777{padding-bottom: 10% !important;}&#8221;][vc_column_text css=&#8221;.vc_custom_1554202765473{padding-top: 5% !important;}&#8221;]<\/p>\n<ul>\n<li><strong>CARAVANA CONSTRUCTAM 1971<br \/>\n<\/strong>Las mejores caravanas con diferencia.<br \/>\nLas puedes alquilar como Photocall, para servir crepes o para cualquier tipo de barra de bar o buffet. En estos s\u00ed se puede cocinar dentro.<\/li>\n<\/ul>\n<p>[\/vc_column_text][vc_single_image image=&#8221;3630&#8243; img_size=&#8221;large&#8221; alignment=&#8221;center&#8221; css=&#8221;.vc_custom_1554202885883{padding-bottom: 1% !important;}&#8221;][\/vc_column_inner][vc_column_inner width=&#8221;1\/4&#8243; css=&#8221;.vc_custom_1554203933302{padding-bottom: 10% !important;}&#8221;][vc_column_text css=&#8221;.vc_custom_1554203896313{padding-top: 5% !important;}&#8221;]<\/p>\n<ul>\n<li><strong>VESPACARS MOTOCARROS 1957 &#8211; 1966<\/strong><strong><br \/>\n<\/strong>Los mejores motocarros de toda Catalunya. Originales Vespa.<br \/>\nDisponemos de 2 unidades, el de color crema con alas y el blanco con techo elevable. Los puedes alquilar como Photocall, para montar una barra con nuestro Candybar o cualquier tipo de Buffet de aperitivos.<\/li>\n<\/ul>\n<p>[\/vc_column_text][vc_single_image image=&#8221;3624&#8243; img_size=&#8221;large&#8221; alignment=&#8221;center&#8221; css=&#8221;.vc_custom_1554203073702{padding-bottom: 1% !important;}&#8221;][vc_single_image image=&#8221;3627&#8243; img_size=&#8221;large&#8221; alignment=&#8221;center&#8221; css=&#8221;.vc_custom_1554203021244{padding-bottom: 1% !important;}&#8221;][\/vc_column_inner][vc_column_inner width=&#8221;1\/4&#8243; css=&#8221;.vc_custom_1554203938860{padding-bottom: 10% !important;}&#8221;][vc_column_text css=&#8221;.vc_custom_1560517945568{padding-top: 5% !important;}&#8221;]<\/p>\n<ul>\n<li><strong style=\"font-size: 1rem;\">TRICIVESPA 1964 &#8211; 1984\u00a0\u00a0<\/strong>Nuestra nueva apuesta para este a\u00f1o. \u00danicos y exclusivos. S\u00f3n 2 triciclos Vespa originales transformados a carro, en los que se puede montar un Candybar, un Buffet de aperitivos e incluso se pueden servir crepes.<\/li>\n<\/ul>\n<p>[\/vc_column_text][vc_single_image image=&#8221;3830&#8243; img_size=&#8221;large&#8221; alignment=&#8221;center&#8221; css=&#8221;.vc_custom_1560518010899{padding-bottom: 1% !important;}&#8221;][vc_single_image image=&#8221;3833&#8243; img_size=&#8221;large&#8221; alignment=&#8221;center&#8221; css=&#8221;.vc_custom_1560518037922{padding-bottom: 1% !important;}&#8221;][\/vc_column_inner][\/vc_row_inner][vc_row_inner][vc_column_inner][vc_btn title=&#8221;M\u00e1s informaci\u00f3n&#8221; style=&#8221;3d&#8221; color=&#8221;pink&#8221; align=&#8221;center&#8221; link=&#8221;url:http%3A%2F%2Fcupcakemanresa.com%2Fcontacto|title:M%C3%A1s%20informaci%C3%B3n||&#8221;][vc_media_grid element_width=&#8221;3&#8243; grid_id=&#8221;vc_gid:1560517875553-cbeb5543c5d03a9a986cd4c3a00ef2f4-6&#8243; include=&#8221;3253,3235,3288,3284,3268,3265,3624,3627,3630,3633,3636,3639&#8243; css=&#8221;.vc_custom_1554126862339{padding-top: 5% !important;}&#8221;][\/vc_column_inner][\/vc_row_inner][\/vc_column][\/vc_row][\/vc_section]<\/p>\n<\/div>","protected":false},"excerpt":{"rendered":"<p>[vc_section][vc_row full_width=&#8221;stretch_row_content&#8221; css=&#8221;.vc_custom_1550836807886{background-image: url(http:\/\/cupcakemanresa.com\/wp-content\/uploads\/2019\/02\/poetada-food-trucks.jpg?id=3087) !important;background-position: center !important;background-repeat: no-repeat !important;background-size: cover !important;}&#8221;][vc_column][vc_empty_space height=&#8221;155px&#8221;][vc_empty_space height=&#8221;155px&#8221;][\/vc_column][\/vc_row][\/vc_section][vc_section full_width=&#8221;stretch_row_content&#8221;][vc_row equal_height=&#8221;yes&#8221; css=&#8221;.vc_custom_1553601603169{padding-top: 3% !important;padding-right: 5% !important;padding-bottom: 1% !important;padding-left: 5% !important;}&#8221;][vc_column css=&#8221;.vc_custom_1552305498272{padding-top: 4% !important;}&#8221;][tt_vc_title_shortcode title=&#8221;Food trucks y Candy Bars&#8221; desc=&#8221;Dale un toque diferente y exclusivo a tu fiesta o evento con nuestros Food Trucks y Candy Bars&#8221;][vc_row_inner css=&#8221;.vc_custom_1553876672820{padding-right: 10% !important;padding-left: 10% !important;}&#8221;][vc_column_inner][vc_column_text] [&hellip;]<\/p>\n","protected":false},"author":1,"featured_media":0,"parent":0,"menu_order":0,"comment_status":"closed","ping_status":"closed","template":"","meta":{"footnotes":""},"class_list":["post-3496","page","type-page","status-publish","hentry"],"aioseo_notices":[],"_links":{"self":[{"href":"https:\/\/www.cupcakemanresa.com\/ca\/wp-json\/wp\/v2\/pages\/3496","targetHints":{"allow":["GET"]}}],"collection":[{"href":"https:\/\/www.cupcakemanresa.com\/ca\/wp-json\/wp\/v2\/pages"}],"about":[{"href":"https:\/\/www.cupcakemanresa.com\/ca\/wp-json\/wp\/v2\/types\/page"}],"author":[{"embeddable":true,"href":"https:\/\/www.cupcakemanresa.com\/ca\/wp-json\/wp\/v2\/users\/1"}],"replies":[{"embeddable":true,"href":"https:\/\/www.cupcakemanresa.com\/ca\/wp-json\/wp\/v2\/comments?post=3496"}],"version-history":[{"count":36,"href":"https:\/\/www.cupcakemanresa.com\/ca\/wp-json\/wp\/v2\/pages\/3496\/revisions"}],"predecessor-version":[{"id":3839,"href":"https:\/\/www.cupcakemanresa.com\/ca\/wp-json\/wp\/v2\/pages\/3496\/revisions\/3839"}],"wp:attachment":[{"href":"https:\/\/www.cupcakemanresa.com\/ca\/wp-json\/wp\/v2\/media?parent=3496"}],"curies":[{"name":"wp","href":"https:\/\/api.w.org\/{rel}","templated":true}]}}