{"id":3501,"date":"2018-06-06T12:48:33","date_gmt":"2018-06-06T12:48:33","guid":{"rendered":"https:\/\/cupcakemanresa.com\/cupcakes\/"},"modified":"2021-03-09T16:45:18","modified_gmt":"2021-03-09T16:45:18","slug":"cupcakes","status":"publish","type":"page","link":"https:\/\/www.cupcakemanresa.com\/ca\/cupcakes\/","title":{"rendered":"Rebosteria"},"content":{"rendered":"<div class=\"wpb-content-wrapper\"><p>[vc_row content_placement=&#8221;top&#8221; css=&#8221;.vc_custom_1553771653855{padding-top: 5% !important;padding-right: 5% !important;padding-bottom: 5% !important;padding-left: 5% !important;}&#8221;][vc_column width=&#8221;2\/3&#8243;][tt_vc_title_shortcode title=&#8221;Pastissos personalitzats&#8221;][vc_column_text]Realitzem pastissos personalitzats decorats de fondant per a qualsevol tipus d&#8217;esdeveniment, amb la teva idea, logotip o personatge preferit.<\/p>\n<p>Per al teu casament, aniversari, bateig, esdeveniments empresarials, comiats, etc. els nostres pastissos s\u00f3n fets a mida. Demana&#8217;ns pressupost i ens adaptem a les teves necessitats.<\/p>\n<p>Tamb\u00e9 fem els pastissos &#8220;naked cake&#8221; o pastissos n\u00fas, un past\u00eds que est\u00e0 desprove\u00eft de la coberta, deixant que es vegi el seu interior, amb el qual es pot apreciar el seu color, textura, irregularitats, etc. Aquests poden estar decorats amb fruita, amb flors o llaminadures. Contacta amb nosaltres per a m\u00e9s informaci\u00f3.[\/vc_column_text][vc_btn title=&#8221;M\u00e9s informaci\u00f3&#8221; style=&#8221;3d&#8221; color=&#8221;pink&#8221; align=&#8221;center&#8221; link=&#8221;url:http%3A%2F%2Fcupcakemanresa.com%2Fca%2Fcontacto%2F|||&#8221;][\/vc_column][vc_column width=&#8221;1\/3&#8243;][vc_images_carousel images=&#8221;3695,3691,3275,3273,3249,3569,3572,3575,3578,3584,3590,3593,3596,3599,3602,3605,3608,3611,3618&#8243; img_size=&#8221;350&#215;500&#8243;][\/vc_column][\/vc_row][vc_row full_width=&#8221;stretch_row_content_no_spaces&#8221; video_bg=&#8221;yes&#8221; video_bg_url=&#8221;https:\/\/youtu.be\/ltYYv1MjCWY&#8221; el_class=&#8221;bakery_video_area&#8221;][vc_column el_class=&#8221;video_inner&#8221;][vc_column_text]<\/p>\n<h3>Elaboraci\u00f3 pr\u00f2pia<\/h3>\n<p>Elaborem els nostres productes amb molt d&#8217;amor i delicadesa per a endolcir el teu dia.[\/vc_column_text][tt_vc_video_shortcode title=&#8221;Veure video&#8221; videolink=&#8221;http:\/\/cupcakemanresa.com\/wp-content\/uploads\/2019\/01\/cakes-final3-1.mp4&#8243;][\/vc_column][\/vc_row][vc_row full_width=&#8221;stretch_row_content&#8221; el_class=&#8221;service_offer_area p_100_50&#8243; css=&#8221;.vc_custom_1550490422975{padding-right: 5% !important;padding-bottom: 3% !important;padding-left: 5% !important;}&#8221;][vc_column][tt_vc_title_shortcode title=&#8221;Rebosteria&#8221; desc=&#8221;Vina a prendre un caf\u00e8 acompanyat dels nostres dol\u00e7os pastissos, cupcakes i galetes.&#8221;][vc_row_inner][vc_column_inner width=&#8221;1\/3&#8243;][tt_vc_serviceblock_shortcode image=&#8221;3005&#8243; btn_link=&#8221;url:%23|title:Brownie%20amb%20dol%C3%A7%20de%20llet%20i%20merenga||&#8221; vc_link=&#8221;url:%23|title:Valentines%20Day%20Cakes||&#8221;][\/vc_column_inner][vc_column_inner width=&#8221;1\/3&#8243;][tt_vc_serviceblock_shortcode image=&#8221;3006&#8243; btn_link=&#8221;url:%23|title:Past%C3%ADs%20de%20pastanaga%2C%20canyella%20i%20nous||&#8221; vc_link=&#8221;url:%23|title:Valentines%20Day%20Cakes||&#8221;][\/vc_column_inner][vc_column_inner width=&#8221;1\/3&#8243;][tt_vc_serviceblock_shortcode image=&#8221;3048&#8243; btn_link=&#8221;url:%23|title:Cookie%20amb%20encenalls%20de%20xocolata||&#8221; vc_link=&#8221;url:%23|title:Valentines%20Day%20Cakes||&#8221;][\/vc_column_inner][\/vc_row_inner][vc_row_inner css=&#8221;.vc_custom_1553789332258{padding-right: 5% !important;padding-left: 5% !important;}&#8221;][vc_column_inner width=&#8221;1\/2&#8243;][tt_vc_serviceblock_shortcode image=&#8221;3472&#8243; btn_link=&#8221;url:%23|title:Past%C3%ADs%20de%20xocolata%20amb%20nata%20i%20fruits%20vermells||&#8221; vc_link=&#8221;url:%23|title:Valentines%20Day%20Cakes||&#8221;][\/vc_column_inner][vc_column_inner width=&#8221;1\/2&#8243;][tt_vc_serviceblock_shortcode image=&#8221;3468&#8243; btn_link=&#8221;url:%23|title:Cheesecake%20de%20dol%C3%A7%20de%20llet%20i%20xocolata||&#8221; vc_link=&#8221;url:%23|title:Valentines%20Day%20Cakes||&#8221;][\/vc_column_inner][\/vc_row_inner][\/vc_column][\/vc_row][vc_row full_width=&#8221;stretch_row_content&#8221; css=&#8221;.vc_custom_1553785257281{padding-top: 5% !important;background-color: rgba(117,213,216,0.21) !important;*background-color: rgb(117,213,216) !important;}&#8221;][vc_column][tt_vc_title_shortcode title=&#8221;Cupcakes&#8221; desc=&#8221;Descobreix els nostres cupcakes de elaboraci\u00f3 pr\u00f2pia.<br \/>\nEn multitud de sabors i formes, escull el que m\u00e9s t&#8217;agradi!&#8221;][vc_media_grid style=&#8221;lazy&#8221; element_width=&#8221;3&#8243; grid_id=&#8221;vc_gid:1554197334061-5b81935ff6235a3be155f4c5305256e5-1&#8243; include=&#8221;3459,3452,3450,3448,3446,3444,3442,3436,3440,3306,3424,3395,3396,3302,3382,3251&#8243;][\/vc_column][\/vc_row]<\/p>\n<\/div>","protected":false},"excerpt":{"rendered":"<p>[vc_row content_placement=&#8221;top&#8221; css=&#8221;.vc_custom_1553771653855{padding-top: 5% !important;padding-right: 5% !important;padding-bottom: 5% !important;padding-left: 5% !important;}&#8221;][vc_column width=&#8221;2\/3&#8243;][tt_vc_title_shortcode title=&#8221;Pastissos personalitzats&#8221;][vc_column_text]Realitzem pastissos personalitzats decorats de fondant per a qualsevol tipus d&#8217;esdeveniment, amb la teva idea, logotip o personatge preferit. Per al teu casament, aniversari, bateig, esdeveniments empresarials, comiats, etc. els nostres pastissos s\u00f3n fets a mida. Demana&#8217;ns pressupost i ens adaptem a [&hellip;]<\/p>\n","protected":false},"author":1,"featured_media":0,"parent":0,"menu_order":0,"comment_status":"closed","ping_status":"closed","template":"","meta":{"footnotes":""},"class_list":["post-3501","page","type-page","status-publish","hentry"],"aioseo_notices":[],"_links":{"self":[{"href":"https:\/\/www.cupcakemanresa.com\/ca\/wp-json\/wp\/v2\/pages\/3501","targetHints":{"allow":["GET"]}}],"collection":[{"href":"https:\/\/www.cupcakemanresa.com\/ca\/wp-json\/wp\/v2\/pages"}],"about":[{"href":"https:\/\/www.cupcakemanresa.com\/ca\/wp-json\/wp\/v2\/types\/page"}],"author":[{"embeddable":true,"href":"https:\/\/www.cupcakemanresa.com\/ca\/wp-json\/wp\/v2\/users\/1"}],"replies":[{"embeddable":true,"href":"https:\/\/www.cupcakemanresa.com\/ca\/wp-json\/wp\/v2\/comments?post=3501"}],"version-history":[{"count":9,"href":"https:\/\/www.cupcakemanresa.com\/ca\/wp-json\/wp\/v2\/pages\/3501\/revisions"}],"predecessor-version":[{"id":4007,"href":"https:\/\/www.cupcakemanresa.com\/ca\/wp-json\/wp\/v2\/pages\/3501\/revisions\/4007"}],"wp:attachment":[{"href":"https:\/\/www.cupcakemanresa.com\/ca\/wp-json\/wp\/v2\/media?parent=3501"}],"curies":[{"name":"wp","href":"https:\/\/api.w.org\/{rel}","templated":true}]}}