{"id":4016,"date":"2018-06-06T12:46:50","date_gmt":"2018-06-06T12:46:50","guid":{"rendered":"https:\/\/cupcakemanresa.com\/desayunabonito\/"},"modified":"2021-03-09T16:56:25","modified_gmt":"2021-03-09T16:56:25","slug":"desayunabonito","status":"publish","type":"page","link":"https:\/\/www.cupcakemanresa.com\/ca\/desayunabonito\/","title":{"rendered":"Esmorzars"},"content":{"rendered":"<div class=\"wpb-content-wrapper\"><p>[vc_section css=&#8221;.vc_custom_1554715239680{padding-top: 3% !important;}&#8221;][vc_row css=&#8221;.vc_custom_1554714752215{padding-top: 5% !important;}&#8221;][vc_column width=&#8221;2\/3&#8243; css=&#8221;.vc_custom_1547718358277{padding-right: 5% !important;padding-left: 5% !important;}&#8221;][vc_column_text]<\/p>\n<h1 style=\"text-align: center;\"><strong>#DesayunaBonito<\/strong><\/h1>\n<p>[\/vc_column_text][vc_column_text]En Cupcake&amp;Brunch, os damos las mejores opciones para hacer un regalo \u00fanico y hermoso a quien m\u00e1s quer\u00e9is.<\/p>\n<p>Actualmente, ofrecemos cuatro cajas diferentes para ser entregadas a domicilio.<\/p>\n<p>Con posibilidad para adaptarnos en opciones veganas, vegetarianas y sin gluten. Tambi\u00e9n podr\u00e9is encontrar los packs tem\u00e1ticos, para esos d\u00edas especiales.<\/p>\n<p>Hacemos entregas en toda la comarca del Bages y alrededores. Trabajamos todos los d\u00edas de la semana y, sin ning\u00fan tipo de compromiso, pod\u00e9is consultarnos nuestra disponibilidad horaria.<\/p>\n<p>[\/vc_column_text][\/vc_column][vc_column width=&#8221;1\/3&#8243;][vc_single_image image=&#8221;3862&#8243; img_size=&#8221;&#8221;][\/vc_column][\/vc_row][vc_row css=&#8221;.vc_custom_1550483115396{padding-top: 3% !important;}&#8221;][vc_column width=&#8221;1\/2&#8243; css=&#8221;.vc_custom_1552301340485{padding-right: 5% !important;padding-left: 7% !important;}&#8221;][vc_column_text]<\/p>\n<h2 style=\"text-align: left;\"><strong>Horario:<\/strong><\/h2>\n<p>[\/vc_column_text][vc_column_text]<\/p>\n<p style=\"text-align: left;\"><strong>Lunes a S\u00e1bado:<\/strong> 8:00h \u2013 13:30h , 16:00h \u2013 20:30h<\/p>\n<p style=\"text-align: left;\"><strong>Hacemos entregas en domingo<\/strong><\/p>\n<p><strong>Obrador \/ Showroom:<\/strong> Puigerr\u00e0 de Baix 24-26, 08241 &#8211; Manresa<\/p>\n<p><strong>Tel:<\/strong> 679 755 306<\/p>\n<p><strong>Descubre nuestros Packs Tem\u00e1ticos para el d\u00eda del padre, Sant Valent\u00edn , Navidades y mucho m\u00e1s..<\/strong><\/p>\n<p>S\u00edguenos en IG: @cupcakemanresa[\/vc_column_text][\/vc_column][\/vc_row][vc_row][vc_column][vc_separator][vc_column_text]<\/p>\n<h1 style=\"text-align: center;\">Descubre nuestros packs<\/h1>\n<p>[\/vc_column_text][\/vc_column][\/vc_row][vc_row full_width=&#8221;stretch_row_content&#8221;][vc_column width=&#8221;1\/4&#8243;][vc_single_image image=&#8221;3935&#8243; img_size=&#8221;full&#8221; alignment=&#8221;center&#8221; onclick=&#8221;link_image&#8221;][\/vc_column][vc_column width=&#8221;1\/4&#8243;][vc_single_image image=&#8221;3938&#8243; img_size=&#8221;full&#8221; alignment=&#8221;center&#8221; onclick=&#8221;link_image&#8221;][\/vc_column][vc_column width=&#8221;1\/4&#8243;][vc_single_image image=&#8221;3941&#8243; img_size=&#8221;full&#8221; alignment=&#8221;center&#8221; onclick=&#8221;link_image&#8221;][\/vc_column][vc_column width=&#8221;1\/4&#8243;][vc_single_image image=&#8221;3944&#8243; img_size=&#8221;full&#8221; alignment=&#8221;center&#8221; onclick=&#8221;link_image&#8221;][\/vc_column][\/vc_row][\/vc_section][vc_row full_width=&#8221;stretch_row_content&#8221; content_placement=&#8221;middle&#8221; css=&#8221;.vc_custom_1547798052155{padding-top: 5% !important;}&#8221;][vc_column][vc_separator][vc_column_text]<\/p>\n<h1 style=\"text-align: center;\">Galeria<\/h1>\n<p>[\/vc_column_text][vc_masonry_media_grid style=&#8221;lazy&#8221; items_per_page=&#8221;12&#8243; element_width=&#8221;3&#8243; grid_id=&#8221;vc_gid:1615308731347-653807dc-ed14-0&#8243; include=&#8221;3873,3876,3879,3882,3885,3888,3891,3895,3898,3901,3904,3907,3910,3913,3916,3919,3922,3925,3928,3931&#8243; css=&#8221;.vc_custom_1615029071096{padding-bottom: 5% !important;}&#8221;][\/vc_column][\/vc_row]<\/p>\n<\/div>","protected":false},"excerpt":{"rendered":"<p>[vc_section css=&#8221;.vc_custom_1554715239680{padding-top: 3% !important;}&#8221;][vc_row css=&#8221;.vc_custom_1554714752215{padding-top: 5% !important;}&#8221;][vc_column width=&#8221;2\/3&#8243; css=&#8221;.vc_custom_1547718358277{padding-right: 5% !important;padding-left: 5% !important;}&#8221;][vc_column_text] #DesayunaBonito [\/vc_column_text][vc_column_text]En Cupcake&amp;Brunch, os damos las mejores opciones para hacer un regalo \u00fanico y hermoso a quien m\u00e1s quer\u00e9is. Actualmente, ofrecemos cuatro cajas diferentes para ser entregadas a domicilio. Con posibilidad para adaptarnos en opciones veganas, vegetarianas y sin gluten. Tambi\u00e9n podr\u00e9is [&hellip;]<\/p>\n","protected":false},"author":1,"featured_media":0,"parent":0,"menu_order":0,"comment_status":"closed","ping_status":"closed","template":"","meta":{"footnotes":""},"class_list":["post-4016","page","type-page","status-publish","hentry"],"aioseo_notices":[],"_links":{"self":[{"href":"https:\/\/www.cupcakemanresa.com\/ca\/wp-json\/wp\/v2\/pages\/4016","targetHints":{"allow":["GET"]}}],"collection":[{"href":"https:\/\/www.cupcakemanresa.com\/ca\/wp-json\/wp\/v2\/pages"}],"about":[{"href":"https:\/\/www.cupcakemanresa.com\/ca\/wp-json\/wp\/v2\/types\/page"}],"author":[{"embeddable":true,"href":"https:\/\/www.cupcakemanresa.com\/ca\/wp-json\/wp\/v2\/users\/1"}],"replies":[{"embeddable":true,"href":"https:\/\/www.cupcakemanresa.com\/ca\/wp-json\/wp\/v2\/comments?post=4016"}],"version-history":[{"count":2,"href":"https:\/\/www.cupcakemanresa.com\/ca\/wp-json\/wp\/v2\/pages\/4016\/revisions"}],"predecessor-version":[{"id":4018,"href":"https:\/\/www.cupcakemanresa.com\/ca\/wp-json\/wp\/v2\/pages\/4016\/revisions\/4018"}],"wp:attachment":[{"href":"https:\/\/www.cupcakemanresa.com\/ca\/wp-json\/wp\/v2\/media?parent=4016"}],"curies":[{"name":"wp","href":"https:\/\/api.w.org\/{rel}","templated":true}]}}